{"id":98862,"date":"2023-02-15T14:52:22","date_gmt":"2023-02-15T14:52:22","guid":{"rendered":"https:\/\/sraml.com\/documentation-request\/"},"modified":"2025-12-18T09:42:55","modified_gmt":"2025-12-18T09:42:55","slug":"documentation-request","status":"publish","type":"page","link":"https:\/\/sraml.com\/sl\/documentation-request\/","title":{"rendered":"Zahteva po dokumentaciji."},"content":{"rendered":"","protected":false},"excerpt":{"rendered":"","protected":false},"author":18,"featured_media":0,"parent":0,"menu_order":0,"comment_status":"closed","ping_status":"closed","template":"views\/template-povprasevanje.blade.php","meta":{"_acf_changed":false,"om_disable_all_campaigns":false,"_monsterinsights_skip_tracking":false,"_monsterinsights_sitenote_active":false,"_monsterinsights_sitenote_note":"","_monsterinsights_sitenote_category":0,"footnotes":""},"class_list":["post-98862","page","type-page","status-publish","hentry"],"acf":[],"aioseo_notices":[],"aioseo_head":"\n\t\t<!-- All in One SEO Pro 4.9.6.1 - aioseo.com -->\n\t<meta name=\"description\" content=\"Ste izgubili dokumentacijo ali i\u0161\u010dete dolo\u010deno tehni\u010dno dokumentacijo za va\u0161 stroj Sraml? Ne odla\u0161ajte in nas kontaktirajte preko spodnjega obrazca. Z veseljem vam bomo posredovali zahtevane dokumente.\" \/>\n\t<meta name=\"robots\" content=\"max-image-preview:large\" \/>\n\t<meta name=\"google-site-verification\" content=\"HpeOU4yhglPvgDwvmllDzIqoLLXL00iE39PGGgHUiXw\" \/>\n\t<link rel=\"canonical\" href=\"https:\/\/sraml.com\/sl\/documentation-request\/\" \/>\n\t<meta name=\"generator\" content=\"All in One SEO Pro (AIOSEO) 4.9.6.1\" \/>\n\t\t<meta property=\"og:locale\" content=\"sl_SI\" \/>\n\t\t<meta property=\"og:site_name\" content=\"SRAML Food Processing Equipment Specialists \u2013 Expanding possibilities with SRAML\" \/>\n\t\t<meta property=\"og:type\" content=\"article\" \/>\n\t\t<meta property=\"og:title\" content=\"Zahteva po dokumentaciji. \u2013 SRAML Food Processing Equipment Specialists\" \/>\n\t\t<meta property=\"og:description\" content=\"Ste izgubili dokumentacijo ali i\u0161\u010dete dolo\u010deno tehni\u010dno dokumentacijo za va\u0161 stroj Sraml? Ne odla\u0161ajte in nas kontaktirajte preko spodnjega obrazca. Z veseljem vam bomo posredovali zahtevane dokumente.\" \/>\n\t\t<meta property=\"og:url\" content=\"https:\/\/sraml.com\/sl\/documentation-request\/\" \/>\n\t\t<meta property=\"article:published_time\" content=\"2023-02-15T14:52:22+00:00\" \/>\n\t\t<meta property=\"article:modified_time\" content=\"2025-12-18T09:42:55+00:00\" \/>\n\t\t<meta property=\"article:publisher\" content=\"https:\/\/www.facebook.com\/sraml.machinery\" \/>\n\t\t<meta name=\"twitter:card\" content=\"summary_large_image\" \/>\n\t\t<meta name=\"twitter:title\" content=\"Zahteva po dokumentaciji. \u2013 SRAML Food Processing Equipment Specialists\" \/>\n\t\t<meta name=\"twitter:description\" content=\"Ste izgubili dokumentacijo ali i\u0161\u010dete dolo\u010deno tehni\u010dno dokumentacijo za va\u0161 stroj Sraml? Ne odla\u0161ajte in nas kontaktirajte preko spodnjega obrazca. Z veseljem vam bomo posredovali zahtevane dokumente.\" \/>\n\t\t<script type=\"application\/ld+json\" class=\"aioseo-schema\">\n\t\t\t{\"@context\":\"https:\\\/\\\/schema.org\",\"@graph\":[{\"@type\":\"BreadcrumbList\",\"@id\":\"https:\\\/\\\/sraml.com\\\/sl\\\/documentation-request\\\/#breadcrumblist\",\"itemListElement\":[{\"@type\":\"ListItem\",\"@id\":\"https:\\\/\\\/sraml.com\\\/sl\\\/#listItem\",\"position\":1,\"name\":\"Home\",\"item\":\"https:\\\/\\\/sraml.com\\\/sl\\\/\",\"nextItem\":{\"@type\":\"ListItem\",\"@id\":\"https:\\\/\\\/sraml.com\\\/sl\\\/documentation-request\\\/#listItem\",\"name\":\"Zahteva po dokumentaciji.\"}},{\"@type\":\"ListItem\",\"@id\":\"https:\\\/\\\/sraml.com\\\/sl\\\/documentation-request\\\/#listItem\",\"position\":2,\"name\":\"Zahteva po dokumentaciji.\",\"previousItem\":{\"@type\":\"ListItem\",\"@id\":\"https:\\\/\\\/sraml.com\\\/sl\\\/#listItem\",\"name\":\"Home\"}}]},{\"@type\":\"Organization\",\"@id\":\"https:\\\/\\\/sraml.com\\\/sl\\\/#organization\",\"name\":\"SRAML Food Processing Equipment Specialists\",\"description\":\"Expanding possibilities with SRAML\",\"url\":\"https:\\\/\\\/sraml.com\\\/sl\\\/\",\"telephone\":\"+38653686110\",\"logo\":{\"@type\":\"ImageObject\",\"url\":\"https:\\\/\\\/sraml.com\\\/wp-content\\\/uploads\\\/2025\\\/11\\\/Sraml-logo-big-copy.png\",\"@id\":\"https:\\\/\\\/sraml.com\\\/sl\\\/documentation-request\\\/#organizationLogo\",\"width\":3040,\"height\":3040,\"caption\":\"Sraml Logo\"},\"image\":{\"@id\":\"https:\\\/\\\/sraml.com\\\/sl\\\/documentation-request\\\/#organizationLogo\"},\"sameAs\":[\"https:\\\/\\\/www.facebook.com\\\/sraml.machinery\",\"https:\\\/\\\/www.instagram.com\\\/sraml_machinery\",\"https:\\\/\\\/www.tiktok.com\\\/@sraml.machinery\",\"https:\\\/\\\/www.youtube.com\\\/c\\\/SramlTV\",\"https:\\\/\\\/www.linkedin.com\\\/company\\\/sraml\",\"https:\\\/\\\/www.threads.com\\\/@sraml_machinery\"]},{\"@type\":\"WebPage\",\"@id\":\"https:\\\/\\\/sraml.com\\\/sl\\\/documentation-request\\\/#webpage\",\"url\":\"https:\\\/\\\/sraml.com\\\/sl\\\/documentation-request\\\/\",\"name\":\"Zahteva po dokumentaciji. \\u2013 SRAML Food Processing Equipment Specialists\",\"description\":\"Ste izgubili dokumentacijo ali i\\u0161\\u010dete dolo\\u010deno tehni\\u010dno dokumentacijo za va\\u0161 stroj Sraml? Ne odla\\u0161ajte in nas kontaktirajte preko spodnjega obrazca. Z veseljem vam bomo posredovali zahtevane dokumente.\",\"inLanguage\":\"sl-SI\",\"isPartOf\":{\"@id\":\"https:\\\/\\\/sraml.com\\\/sl\\\/#website\"},\"breadcrumb\":{\"@id\":\"https:\\\/\\\/sraml.com\\\/sl\\\/documentation-request\\\/#breadcrumblist\"},\"datePublished\":\"2023-02-15T14:52:22+00:00\",\"dateModified\":\"2025-12-18T09:42:55+00:00\"},{\"@type\":\"WebSite\",\"@id\":\"https:\\\/\\\/sraml.com\\\/sl\\\/#website\",\"url\":\"https:\\\/\\\/sraml.com\\\/sl\\\/\",\"name\":\"Sraml - SRAML Food Processing Equipment Specialists\",\"alternateName\":\"SRAML Food Processing Equipment Specialists\",\"description\":\"Expanding possibilities with SRAML\",\"inLanguage\":\"sl-SI\",\"publisher\":{\"@id\":\"https:\\\/\\\/sraml.com\\\/sl\\\/#organization\"}}]}\n\t\t<\/script>\n\t\t<script>(function(w,d,s,l,i){w[l]=w[l]||[];w[l].push({'gtm.start': new Date().getTime(),event:'gtm.js'});var f=d.getElementsByTagName(s)[0], j=d.createElement(s),dl=l!='dataLayer'?'&l='+l:'';j.async=true;j.src='https:\/\/www.googletagmanager.com\/gtm.js?id='+i+dl;f.parentNode.insertBefore(j,f);})(window,document,'script','dataLayer',\"GTM-T5ZVBSP\");<\/script>\n\t\t<!-- All in One SEO Pro -->\r\n\t\t<title>Zahteva po dokumentaciji. \u2013 SRAML Food Processing Equipment Specialists<\/title>\n\n","aioseo_head_json":{"title":"Zahteva po dokumentaciji. \u2013 SRAML Food Processing Equipment Specialists","description":"Ste izgubili dokumentacijo ali i\u0161\u010dete dolo\u010deno tehni\u010dno dokumentacijo za va\u0161 stroj Sraml? Ne odla\u0161ajte in nas kontaktirajte preko spodnjega obrazca. Z veseljem vam bomo posredovali zahtevane dokumente.","canonical_url":"https:\/\/sraml.com\/sl\/documentation-request\/","robots":"max-image-preview:large","keywords":"","webmasterTools":{"google-site-verification":"HpeOU4yhglPvgDwvmllDzIqoLLXL00iE39PGGgHUiXw","miscellaneous":""},"schema":{"@context":"https:\/\/schema.org","@graph":[{"@type":"BreadcrumbList","@id":"https:\/\/sraml.com\/sl\/documentation-request\/#breadcrumblist","itemListElement":[{"@type":"ListItem","@id":"https:\/\/sraml.com\/sl\/#listItem","position":1,"name":"Home","item":"https:\/\/sraml.com\/sl\/","nextItem":{"@type":"ListItem","@id":"https:\/\/sraml.com\/sl\/documentation-request\/#listItem","name":"Zahteva po dokumentaciji."}},{"@type":"ListItem","@id":"https:\/\/sraml.com\/sl\/documentation-request\/#listItem","position":2,"name":"Zahteva po dokumentaciji.","previousItem":{"@type":"ListItem","@id":"https:\/\/sraml.com\/sl\/#listItem","name":"Home"}}]},{"@type":"Organization","@id":"https:\/\/sraml.com\/sl\/#organization","name":"SRAML Food Processing Equipment Specialists","description":"Expanding possibilities with SRAML","url":"https:\/\/sraml.com\/sl\/","telephone":"+38653686110","logo":{"@type":"ImageObject","url":"https:\/\/sraml.com\/wp-content\/uploads\/2025\/11\/Sraml-logo-big-copy.png","@id":"https:\/\/sraml.com\/sl\/documentation-request\/#organizationLogo","width":3040,"height":3040,"caption":"Sraml Logo"},"image":{"@id":"https:\/\/sraml.com\/sl\/documentation-request\/#organizationLogo"},"sameAs":["https:\/\/www.facebook.com\/sraml.machinery","https:\/\/www.instagram.com\/sraml_machinery","https:\/\/www.tiktok.com\/@sraml.machinery","https:\/\/www.youtube.com\/c\/SramlTV","https:\/\/www.linkedin.com\/company\/sraml","https:\/\/www.threads.com\/@sraml_machinery"]},{"@type":"WebPage","@id":"https:\/\/sraml.com\/sl\/documentation-request\/#webpage","url":"https:\/\/sraml.com\/sl\/documentation-request\/","name":"Zahteva po dokumentaciji. \u2013 SRAML Food Processing Equipment Specialists","description":"Ste izgubili dokumentacijo ali i\u0161\u010dete dolo\u010deno tehni\u010dno dokumentacijo za va\u0161 stroj Sraml? Ne odla\u0161ajte in nas kontaktirajte preko spodnjega obrazca. Z veseljem vam bomo posredovali zahtevane dokumente.","inLanguage":"sl-SI","isPartOf":{"@id":"https:\/\/sraml.com\/sl\/#website"},"breadcrumb":{"@id":"https:\/\/sraml.com\/sl\/documentation-request\/#breadcrumblist"},"datePublished":"2023-02-15T14:52:22+00:00","dateModified":"2025-12-18T09:42:55+00:00"},{"@type":"WebSite","@id":"https:\/\/sraml.com\/sl\/#website","url":"https:\/\/sraml.com\/sl\/","name":"Sraml - SRAML Food Processing Equipment Specialists","alternateName":"SRAML Food Processing Equipment Specialists","description":"Expanding possibilities with SRAML","inLanguage":"sl-SI","publisher":{"@id":"https:\/\/sraml.com\/sl\/#organization"}}]},"og:locale":"sl_SI","og:site_name":"SRAML Food Processing Equipment Specialists \u2013 Expanding possibilities with SRAML","og:type":"article","og:title":"Zahteva po dokumentaciji. \u2013 SRAML Food Processing Equipment Specialists","og:description":"Ste izgubili dokumentacijo ali i\u0161\u010dete dolo\u010deno tehni\u010dno dokumentacijo za va\u0161 stroj Sraml? Ne odla\u0161ajte in nas kontaktirajte preko spodnjega obrazca. Z veseljem vam bomo posredovali zahtevane dokumente.","og:url":"https:\/\/sraml.com\/sl\/documentation-request\/","article:published_time":"2023-02-15T14:52:22+00:00","article:modified_time":"2025-12-18T09:42:55+00:00","article:publisher":"https:\/\/www.facebook.com\/sraml.machinery","twitter:card":"summary_large_image","twitter:title":"Zahteva po dokumentaciji. \u2013 SRAML Food Processing Equipment Specialists","twitter:description":"Ste izgubili dokumentacijo ali i\u0161\u010dete dolo\u010deno tehni\u010dno dokumentacijo za va\u0161 stroj Sraml? Ne odla\u0161ajte in nas kontaktirajte preko spodnjega obrazca. Z veseljem vam bomo posredovali zahtevane dokumente."},"aioseo_meta_data":{"post_id":"98862","title":null,"description":"Ste izgubili dokumentacijo ali i\u0161\u010dete dolo\u010deno tehni\u010dno dokumentacijo za va\u0161 stroj Sraml? Ne odla\u0161ajte in nas kontaktirajte preko spodnjega obrazca. Z veseljem vam bomo posredovali zahtevane dokumente.","keywords":null,"keyphrases":{"focus":{"keyphrase":"dokumentaciji","score":69,"analysis":{"keyphraseInTitle":{"score":9,"maxScore":9,"error":0},"keyphraseInDescription":{"score":3,"maxScore":9,"error":1},"keyphraseLength":{"score":9,"maxScore":9,"error":0,"length":1},"keyphraseInURL":{"score":1,"maxScore":5,"error":1}}},"additional":[]},"primary_term":null,"canonical_url":null,"og_title":null,"og_description":null,"og_object_type":"default","og_image_type":"default","og_image_url":null,"og_image_width":null,"og_image_height":null,"og_image_custom_url":null,"og_image_custom_fields":null,"og_video":"","og_custom_url":null,"og_article_section":null,"og_article_tags":null,"twitter_use_og":false,"twitter_card":"default","twitter_image_type":"default","twitter_image_url":null,"twitter_image_custom_url":null,"twitter_image_custom_fields":null,"twitter_title":null,"twitter_description":null,"schema":{"blockGraphs":[],"customGraphs":[],"default":{"data":{"Article":[],"Course":[],"Dataset":[],"FAQPage":[],"Movie":[],"Person":[],"Product":[],"ProductReview":[],"Car":[],"Recipe":[],"Service":[],"SoftwareApplication":[],"WebPage":[]},"graphName":"WebPage","isEnabled":true},"graphs":[]},"schema_type":"default","schema_type_options":null,"pillar_content":false,"robots_default":true,"robots_noindex":false,"robots_noarchive":false,"robots_nosnippet":false,"robots_nofollow":false,"robots_noimageindex":false,"robots_noodp":false,"robots_notranslate":false,"robots_max_snippet":"-1","robots_max_videopreview":"-1","robots_max_imagepreview":"large","priority":null,"frequency":"default","local_seo":null,"seo_analyzer_scan_date":"2025-12-18 09:44:04","breadcrumb_settings":null,"limit_modified_date":false,"reviewed_by":"0","open_ai":null,"ai":{"faqs":[],"keyPoints":[],"titles":[],"descriptions":[],"socialPosts":{"email":[],"linkedin":[],"twitter":[],"facebook":[],"instagram":[]}},"created":"2025-12-18 08:28:26","updated":"2025-12-18 09:45:23"},"aioseo_breadcrumb":"<div class=\"aioseo-breadcrumbs\"><span class=\"aioseo-breadcrumb\">\n\t<a href=\"https:\/\/sraml.com\/sl\/\" title=\"Home\">Home<\/a>\n<\/span><span class=\"aioseo-breadcrumb-separator\">\u00bb<\/span><span class=\"aioseo-breadcrumb\">\n\tZahteva po dokumentaciji.\n<\/span><\/div>","aioseo_breadcrumb_json":[{"label":"Home","link":"https:\/\/sraml.com\/sl\/"},{"label":"Zahteva po dokumentaciji.","link":"https:\/\/sraml.com\/sl\/documentation-request\/"}],"_links":{"self":[{"href":"https:\/\/sraml.com\/sl\/wp-json\/wp\/v2\/pages\/98862","targetHints":{"allow":["GET"]}}],"collection":[{"href":"https:\/\/sraml.com\/sl\/wp-json\/wp\/v2\/pages"}],"about":[{"href":"https:\/\/sraml.com\/sl\/wp-json\/wp\/v2\/types\/page"}],"author":[{"embeddable":true,"href":"https:\/\/sraml.com\/sl\/wp-json\/wp\/v2\/users\/18"}],"replies":[{"embeddable":true,"href":"https:\/\/sraml.com\/sl\/wp-json\/wp\/v2\/comments?post=98862"}],"version-history":[{"count":2,"href":"https:\/\/sraml.com\/sl\/wp-json\/wp\/v2\/pages\/98862\/revisions"}],"predecessor-version":[{"id":98865,"href":"https:\/\/sraml.com\/sl\/wp-json\/wp\/v2\/pages\/98862\/revisions\/98865"}],"wp:attachment":[{"href":"https:\/\/sraml.com\/sl\/wp-json\/wp\/v2\/media?parent=98862"}],"curies":[{"name":"wp","href":"https:\/\/api.w.org\/{rel}","templated":true}]}}