{"id":867,"date":"2020-10-28T09:19:04","date_gmt":"2020-10-28T09:19:04","guid":{"rendered":"https:\/\/sraml.com\/sales-network\/"},"modified":"2025-11-18T07:49:55","modified_gmt":"2025-11-18T07:49:55","slug":"prodajna-mreza","status":"publish","type":"page","link":"https:\/\/sraml.com\/sl\/prodajna-mreza\/","title":{"rendered":"Prodajna mre\u017ea"},"content":{"rendered":"","protected":false},"excerpt":{"rendered":"","protected":false},"author":18,"featured_media":0,"parent":0,"menu_order":0,"comment_status":"closed","ping_status":"closed","template":"views\/template-sales-network.blade.php","meta":{"_acf_changed":false,"om_disable_all_campaigns":false,"_monsterinsights_skip_tracking":false,"_monsterinsights_sitenote_active":false,"_monsterinsights_sitenote_note":"","_monsterinsights_sitenote_category":0,"footnotes":""},"class_list":["post-867","page","type-page","status-publish","hentry"],"acf":[],"aioseo_notices":[],"aioseo_head":"\n\t\t<!-- All in One SEO Pro 4.9.5.2 - aioseo.com -->\n\t<meta name=\"description\" content=\"\u017delite sodelovati z nami? Stopite v stik z nami, da preu\u010dimo mo\u017enosti partnerstva in se pridru\u017eite na\u0161i rasto\u010di mre\u017ei distributerjev.\" \/>\n\t<meta name=\"robots\" content=\"max-image-preview:large\" \/>\n\t<meta name=\"google-site-verification\" content=\"HpeOU4yhglPvgDwvmllDzIqoLLXL00iE39PGGgHUiXw\" \/>\n\t<link rel=\"canonical\" href=\"https:\/\/sraml.com\/sl\/prodajna-mreza\/\" \/>\n\t<meta name=\"generator\" content=\"All in One SEO Pro (AIOSEO) 4.9.5.2\" \/>\n\t\t<meta property=\"og:locale\" content=\"sl_SI\" \/>\n\t\t<meta property=\"og:site_name\" content=\"SRAML Food Processing Equipment Specialists \u2013 Expanding possibilities with SRAML\" \/>\n\t\t<meta property=\"og:type\" content=\"article\" \/>\n\t\t<meta property=\"og:title\" content=\"Prodajna mre\u017ea \u2013 SRAML Food Processing Equipment Specialists\" \/>\n\t\t<meta property=\"og:description\" content=\"\u017delite sodelovati z nami? Stopite v stik z nami, da preu\u010dimo mo\u017enosti partnerstva in se pridru\u017eite na\u0161i rasto\u010di mre\u017ei distributerjev.\" \/>\n\t\t<meta property=\"og:url\" content=\"https:\/\/sraml.com\/sl\/prodajna-mreza\/\" \/>\n\t\t<meta property=\"og:image\" content=\"https:\/\/sraml.com\/wp-content\/uploads\/2025\/03\/Untitled-design-2025-03-06T102556.795.jpg\" \/>\n\t\t<meta property=\"og:image:secure_url\" content=\"https:\/\/sraml.com\/wp-content\/uploads\/2025\/03\/Untitled-design-2025-03-06T102556.795.jpg\" \/>\n\t\t<meta property=\"og:image:width\" content=\"1200\" \/>\n\t\t<meta property=\"og:image:height\" content=\"1200\" \/>\n\t\t<meta property=\"article:published_time\" content=\"2020-10-28T09:19:04+00:00\" \/>\n\t\t<meta property=\"article:modified_time\" content=\"2025-11-18T07:49:55+00:00\" \/>\n\t\t<meta property=\"article:publisher\" content=\"https:\/\/www.facebook.com\/sraml.machinery\" \/>\n\t\t<meta name=\"twitter:card\" content=\"summary_large_image\" \/>\n\t\t<meta name=\"twitter:title\" content=\"Prodajna mre\u017ea \u2013 SRAML Food Processing Equipment Specialists\" \/>\n\t\t<meta name=\"twitter:description\" content=\"\u017delite sodelovati z nami? Stopite v stik z nami, da preu\u010dimo mo\u017enosti partnerstva in se pridru\u017eite na\u0161i rasto\u010di mre\u017ei distributerjev.\" \/>\n\t\t<meta name=\"twitter:image\" content=\"https:\/\/sraml.com\/wp-content\/uploads\/2025\/03\/Untitled-design-2025-03-06T102556.795.jpg\" \/>\n\t\t<script type=\"application\/ld+json\" class=\"aioseo-schema\">\n\t\t\t{\"@context\":\"https:\\\/\\\/schema.org\",\"@graph\":[{\"@type\":\"BreadcrumbList\",\"@id\":\"https:\\\/\\\/sraml.com\\\/sl\\\/prodajna-mreza\\\/#breadcrumblist\",\"itemListElement\":[{\"@type\":\"ListItem\",\"@id\":\"https:\\\/\\\/sraml.com\\\/sl\\\/#listItem\",\"position\":1,\"name\":\"Home\",\"item\":\"https:\\\/\\\/sraml.com\\\/sl\\\/\",\"nextItem\":{\"@type\":\"ListItem\",\"@id\":\"https:\\\/\\\/sraml.com\\\/sl\\\/prodajna-mreza\\\/#listItem\",\"name\":\"Prodajna mre\\u017ea\"}},{\"@type\":\"ListItem\",\"@id\":\"https:\\\/\\\/sraml.com\\\/sl\\\/prodajna-mreza\\\/#listItem\",\"position\":2,\"name\":\"Prodajna mre\\u017ea\",\"previousItem\":{\"@type\":\"ListItem\",\"@id\":\"https:\\\/\\\/sraml.com\\\/sl\\\/#listItem\",\"name\":\"Home\"}}]},{\"@type\":\"Organization\",\"@id\":\"https:\\\/\\\/sraml.com\\\/sl\\\/#organization\",\"name\":\"SRAML Food Processing Equipment Specialists\",\"description\":\"Expanding possibilities with SRAML\",\"url\":\"https:\\\/\\\/sraml.com\\\/sl\\\/\",\"telephone\":\"+38653686110\",\"logo\":{\"@type\":\"ImageObject\",\"url\":\"https:\\\/\\\/sraml.com\\\/wp-content\\\/uploads\\\/2025\\\/11\\\/Sraml-logo-big-copy.png\",\"@id\":\"https:\\\/\\\/sraml.com\\\/sl\\\/prodajna-mreza\\\/#organizationLogo\",\"width\":3040,\"height\":3040,\"caption\":\"Sraml Logo\"},\"image\":{\"@id\":\"https:\\\/\\\/sraml.com\\\/sl\\\/prodajna-mreza\\\/#organizationLogo\"},\"sameAs\":[\"https:\\\/\\\/www.facebook.com\\\/sraml.machinery\",\"https:\\\/\\\/www.instagram.com\\\/sraml_machinery\",\"https:\\\/\\\/www.tiktok.com\\\/@sraml.machinery\",\"https:\\\/\\\/www.youtube.com\\\/c\\\/SramlTV\",\"https:\\\/\\\/www.linkedin.com\\\/company\\\/sraml\",\"https:\\\/\\\/www.threads.com\\\/@sraml_machinery\"]},{\"@type\":\"WebPage\",\"@id\":\"https:\\\/\\\/sraml.com\\\/sl\\\/prodajna-mreza\\\/#webpage\",\"url\":\"https:\\\/\\\/sraml.com\\\/sl\\\/prodajna-mreza\\\/\",\"name\":\"Prodajna mre\\u017ea \\u2013 SRAML Food Processing Equipment Specialists\",\"description\":\"\\u017delite sodelovati z nami? Stopite v stik z nami, da preu\\u010dimo mo\\u017enosti partnerstva in se pridru\\u017eite na\\u0161i rasto\\u010di mre\\u017ei distributerjev.\",\"inLanguage\":\"sl-SI\",\"isPartOf\":{\"@id\":\"https:\\\/\\\/sraml.com\\\/sl\\\/#website\"},\"breadcrumb\":{\"@id\":\"https:\\\/\\\/sraml.com\\\/sl\\\/prodajna-mreza\\\/#breadcrumblist\"},\"datePublished\":\"2020-10-28T09:19:04+00:00\",\"dateModified\":\"2025-11-18T07:49:55+00:00\"},{\"@type\":\"WebSite\",\"@id\":\"https:\\\/\\\/sraml.com\\\/sl\\\/#website\",\"url\":\"https:\\\/\\\/sraml.com\\\/sl\\\/\",\"name\":\"Sraml - SRAML Food Processing Equipment Specialists\",\"alternateName\":\"SRAML Food Processing Equipment Specialists\",\"description\":\"Expanding possibilities with SRAML\",\"inLanguage\":\"sl-SI\",\"publisher\":{\"@id\":\"https:\\\/\\\/sraml.com\\\/sl\\\/#organization\"}}]}\n\t\t<\/script>\n\t\t<script>(function(w,d,s,l,i){w[l]=w[l]||[];w[l].push({'gtm.start': new Date().getTime(),event:'gtm.js'});var f=d.getElementsByTagName(s)[0], j=d.createElement(s),dl=l!='dataLayer'?'&l='+l:'';j.async=true;j.src='https:\/\/www.googletagmanager.com\/gtm.js?id='+i+dl;f.parentNode.insertBefore(j,f);})(window,document,'script','dataLayer',\"GTM-T5ZVBSP\");<\/script>\n\t\t<!-- All in One SEO Pro -->\r\n\t\t<title>Prodajna mre\u017ea \u2013 SRAML Food Processing Equipment Specialists<\/title>\n\n","aioseo_head_json":{"title":"Prodajna mre\u017ea \u2013 SRAML Food Processing Equipment Specialists","description":"\u017delite sodelovati z nami? Stopite v stik z nami, da preu\u010dimo mo\u017enosti partnerstva in se pridru\u017eite na\u0161i rasto\u010di mre\u017ei distributerjev.","canonical_url":"https:\/\/sraml.com\/sl\/prodajna-mreza\/","robots":"max-image-preview:large","keywords":"","webmasterTools":{"google-site-verification":"HpeOU4yhglPvgDwvmllDzIqoLLXL00iE39PGGgHUiXw","miscellaneous":""},"schema":{"@context":"https:\/\/schema.org","@graph":[{"@type":"BreadcrumbList","@id":"https:\/\/sraml.com\/sl\/prodajna-mreza\/#breadcrumblist","itemListElement":[{"@type":"ListItem","@id":"https:\/\/sraml.com\/sl\/#listItem","position":1,"name":"Home","item":"https:\/\/sraml.com\/sl\/","nextItem":{"@type":"ListItem","@id":"https:\/\/sraml.com\/sl\/prodajna-mreza\/#listItem","name":"Prodajna mre\u017ea"}},{"@type":"ListItem","@id":"https:\/\/sraml.com\/sl\/prodajna-mreza\/#listItem","position":2,"name":"Prodajna mre\u017ea","previousItem":{"@type":"ListItem","@id":"https:\/\/sraml.com\/sl\/#listItem","name":"Home"}}]},{"@type":"Organization","@id":"https:\/\/sraml.com\/sl\/#organization","name":"SRAML Food Processing Equipment Specialists","description":"Expanding possibilities with SRAML","url":"https:\/\/sraml.com\/sl\/","telephone":"+38653686110","logo":{"@type":"ImageObject","url":"https:\/\/sraml.com\/wp-content\/uploads\/2025\/11\/Sraml-logo-big-copy.png","@id":"https:\/\/sraml.com\/sl\/prodajna-mreza\/#organizationLogo","width":3040,"height":3040,"caption":"Sraml Logo"},"image":{"@id":"https:\/\/sraml.com\/sl\/prodajna-mreza\/#organizationLogo"},"sameAs":["https:\/\/www.facebook.com\/sraml.machinery","https:\/\/www.instagram.com\/sraml_machinery","https:\/\/www.tiktok.com\/@sraml.machinery","https:\/\/www.youtube.com\/c\/SramlTV","https:\/\/www.linkedin.com\/company\/sraml","https:\/\/www.threads.com\/@sraml_machinery"]},{"@type":"WebPage","@id":"https:\/\/sraml.com\/sl\/prodajna-mreza\/#webpage","url":"https:\/\/sraml.com\/sl\/prodajna-mreza\/","name":"Prodajna mre\u017ea \u2013 SRAML Food Processing Equipment Specialists","description":"\u017delite sodelovati z nami? Stopite v stik z nami, da preu\u010dimo mo\u017enosti partnerstva in se pridru\u017eite na\u0161i rasto\u010di mre\u017ei distributerjev.","inLanguage":"sl-SI","isPartOf":{"@id":"https:\/\/sraml.com\/sl\/#website"},"breadcrumb":{"@id":"https:\/\/sraml.com\/sl\/prodajna-mreza\/#breadcrumblist"},"datePublished":"2020-10-28T09:19:04+00:00","dateModified":"2025-11-18T07:49:55+00:00"},{"@type":"WebSite","@id":"https:\/\/sraml.com\/sl\/#website","url":"https:\/\/sraml.com\/sl\/","name":"Sraml - SRAML Food Processing Equipment Specialists","alternateName":"SRAML Food Processing Equipment Specialists","description":"Expanding possibilities with SRAML","inLanguage":"sl-SI","publisher":{"@id":"https:\/\/sraml.com\/sl\/#organization"}}]},"og:locale":"sl_SI","og:site_name":"SRAML Food Processing Equipment Specialists \u2013 Expanding possibilities with SRAML","og:type":"article","og:title":"Prodajna mre\u017ea \u2013 SRAML Food Processing Equipment Specialists","og:description":"\u017delite sodelovati z nami? Stopite v stik z nami, da preu\u010dimo mo\u017enosti partnerstva in se pridru\u017eite na\u0161i rasto\u010di mre\u017ei distributerjev.","og:url":"https:\/\/sraml.com\/sl\/prodajna-mreza\/","og:image":"https:\/\/sraml.com\/wp-content\/uploads\/2025\/03\/Untitled-design-2025-03-06T102556.795.jpg","og:image:secure_url":"https:\/\/sraml.com\/wp-content\/uploads\/2025\/03\/Untitled-design-2025-03-06T102556.795.jpg","og:image:width":1200,"og:image:height":1200,"article:published_time":"2020-10-28T09:19:04+00:00","article:modified_time":"2025-11-18T07:49:55+00:00","article:publisher":"https:\/\/www.facebook.com\/sraml.machinery","twitter:card":"summary_large_image","twitter:title":"Prodajna mre\u017ea \u2013 SRAML Food Processing Equipment Specialists","twitter:description":"\u017delite sodelovati z nami? Stopite v stik z nami, da preu\u010dimo mo\u017enosti partnerstva in se pridru\u017eite na\u0161i rasto\u010di mre\u017ei distributerjev.","twitter:image":"https:\/\/sraml.com\/wp-content\/uploads\/2025\/03\/Untitled-design-2025-03-06T102556.795.jpg"},"aioseo_meta_data":{"post_id":"867","title":null,"description":"\u017delite sodelovati z nami? Stopite v stik z nami, da preu\u010dimo mo\u017enosti partnerstva in se pridru\u017eite na\u0161i rasto\u010di mre\u017ei distributerjev.","keywords":null,"keyphrases":{"focus":{"keyphrase":"Prodajna mre\u017ea","score":81,"analysis":{"keyphraseInTitle":{"score":9,"maxScore":9,"error":0},"keyphraseInDescription":{"score":3,"maxScore":9,"error":1},"keyphraseLength":{"score":9,"maxScore":9,"error":0,"length":3},"keyphraseInURL":{"score":5,"maxScore":5,"error":0}}},"additional":[]},"primary_term":null,"canonical_url":null,"og_title":null,"og_description":null,"og_object_type":"default","og_image_type":"custom_image","og_image_url":"https:\/\/sraml.com\/wp-content\/uploads\/2025\/03\/Untitled-design-2025-03-06T102556.795.jpg","og_image_width":"1200","og_image_height":"1200","og_image_custom_url":"https:\/\/sraml.com\/wp-content\/uploads\/2025\/03\/Untitled-design-2025-03-06T102556.795.jpg","og_image_custom_fields":null,"og_video":"","og_custom_url":null,"og_article_section":null,"og_article_tags":null,"twitter_use_og":false,"twitter_card":"default","twitter_image_type":"default","twitter_image_url":null,"twitter_image_custom_url":null,"twitter_image_custom_fields":null,"twitter_title":null,"twitter_description":null,"schema":{"blockGraphs":[],"customGraphs":[],"default":{"data":{"Article":[],"Course":[],"Dataset":[],"FAQPage":[],"Movie":[],"Person":[],"Product":[],"ProductReview":[],"Car":[],"Recipe":[],"Service":[],"SoftwareApplication":[],"WebPage":[]},"graphName":"WebPage","isEnabled":true},"graphs":[]},"schema_type":"default","schema_type_options":null,"pillar_content":false,"robots_default":true,"robots_noindex":false,"robots_noarchive":false,"robots_nosnippet":false,"robots_nofollow":false,"robots_noimageindex":false,"robots_noodp":false,"robots_notranslate":false,"robots_max_snippet":"-1","robots_max_videopreview":"-1","robots_max_imagepreview":"large","priority":null,"frequency":"default","local_seo":null,"seo_analyzer_scan_date":"2025-11-18 07:59:11","breadcrumb_settings":null,"limit_modified_date":false,"reviewed_by":"0","open_ai":null,"ai":{"faqs":[],"keyPoints":[],"titles":[],"descriptions":[],"socialPosts":{"email":[],"linkedin":[],"twitter":[],"facebook":[],"instagram":[]}},"created":"2025-11-17 12:40:55","updated":"2025-11-18 07:59:11"},"aioseo_breadcrumb":"<div class=\"aioseo-breadcrumbs\"><span class=\"aioseo-breadcrumb\">\n\t<a href=\"https:\/\/sraml.com\/sl\/\" title=\"Home\">Home<\/a>\n<\/span><span class=\"aioseo-breadcrumb-separator\">\u00bb<\/span><span class=\"aioseo-breadcrumb\">\n\tProdajna mre\u017ea\n<\/span><\/div>","aioseo_breadcrumb_json":[{"label":"Home","link":"https:\/\/sraml.com\/sl\/"},{"label":"Prodajna mre\u017ea","link":"https:\/\/sraml.com\/sl\/prodajna-mreza\/"}],"_links":{"self":[{"href":"https:\/\/sraml.com\/sl\/wp-json\/wp\/v2\/pages\/867","targetHints":{"allow":["GET"]}}],"collection":[{"href":"https:\/\/sraml.com\/sl\/wp-json\/wp\/v2\/pages"}],"about":[{"href":"https:\/\/sraml.com\/sl\/wp-json\/wp\/v2\/types\/page"}],"author":[{"embeddable":true,"href":"https:\/\/sraml.com\/sl\/wp-json\/wp\/v2\/users\/18"}],"replies":[{"embeddable":true,"href":"https:\/\/sraml.com\/sl\/wp-json\/wp\/v2\/comments?post=867"}],"version-history":[{"count":2,"href":"https:\/\/sraml.com\/sl\/wp-json\/wp\/v2\/pages\/867\/revisions"}],"predecessor-version":[{"id":10063,"href":"https:\/\/sraml.com\/sl\/wp-json\/wp\/v2\/pages\/867\/revisions\/10063"}],"wp:attachment":[{"href":"https:\/\/sraml.com\/sl\/wp-json\/wp\/v2\/media?parent=867"}],"curies":[{"name":"wp","href":"https:\/\/api.w.org\/{rel}","templated":true}]}}