{"id":3075,"date":"2020-12-07T22:12:14","date_gmt":"2020-12-07T22:12:14","guid":{"rendered":"https:\/\/sraml.com\/why-sraml\/"},"modified":"2025-11-18T07:48:10","modified_gmt":"2025-11-18T07:48:10","slug":"zakaj-sodelovati-z-nami","status":"publish","type":"page","link":"https:\/\/sraml.com\/sl\/zakaj-sodelovati-z-nami\/","title":{"rendered":"Zakaj sodelovati z nami?"},"content":{"rendered":"","protected":false},"excerpt":{"rendered":"","protected":false},"author":18,"featured_media":2629,"parent":0,"menu_order":0,"comment_status":"closed","ping_status":"closed","template":"","meta":{"_acf_changed":false,"om_disable_all_campaigns":false,"_monsterinsights_skip_tracking":false,"_monsterinsights_sitenote_active":false,"_monsterinsights_sitenote_note":"","_monsterinsights_sitenote_category":0,"footnotes":""},"class_list":["post-3075","page","type-page","status-publish","has-post-thumbnail","hentry"],"acf":[],"aioseo_notices":[],"aioseo_head":"\n\t\t<!-- All in One SEO Pro 4.9.6.1 - aioseo.com -->\n\t<meta name=\"description\" content=\"Z nenehnimi inovacijami in razvijanjem individualnih re\u0161itev za celoten postopek predelave grozdja in sadja uspe\u0161no odgovarjamo na raznolike izzive proizvajalcev vina, sokov in ciderja kakor tudi tistih, ki i\u0161\u010dejo polnilno linijo za pakiranje svojega izdelka.\" \/>\n\t<meta name=\"robots\" content=\"max-image-preview:large\" \/>\n\t<meta name=\"google-site-verification\" content=\"HpeOU4yhglPvgDwvmllDzIqoLLXL00iE39PGGgHUiXw\" \/>\n\t<link rel=\"canonical\" href=\"https:\/\/sraml.com\/sl\/zakaj-sodelovati-z-nami\/\" \/>\n\t<meta name=\"generator\" content=\"All in One SEO Pro (AIOSEO) 4.9.6.1\" \/>\n\t\t<meta property=\"og:locale\" content=\"sl_SI\" \/>\n\t\t<meta property=\"og:site_name\" content=\"SRAML Food Processing Equipment Specialists \u2013 Expanding possibilities with SRAML\" \/>\n\t\t<meta property=\"og:type\" content=\"article\" \/>\n\t\t<meta property=\"og:title\" content=\"Zakaj sodelovati z nami? \u2013 SRAML Food Processing Equipment Specialists\" \/>\n\t\t<meta property=\"og:description\" content=\"Z nenehnimi inovacijami in razvijanjem individualnih re\u0161itev za celoten postopek predelave grozdja in sadja uspe\u0161no odgovarjamo na raznolike izzive proizvajalcev vina, sokov in ciderja kakor tudi tistih, ki i\u0161\u010dejo polnilno linijo za pakiranje svojega izdelka.\" \/>\n\t\t<meta property=\"og:url\" content=\"https:\/\/sraml.com\/sl\/zakaj-sodelovati-z-nami\/\" \/>\n\t\t<meta property=\"og:image\" content=\"https:\/\/sraml.com\/wp-content\/uploads\/2021\/03\/sraml-filling-line-heading-3.jpg\" \/>\n\t\t<meta property=\"og:image:secure_url\" content=\"https:\/\/sraml.com\/wp-content\/uploads\/2021\/03\/sraml-filling-line-heading-3.jpg\" \/>\n\t\t<meta property=\"og:image:width\" content=\"1920\" \/>\n\t\t<meta property=\"og:image:height\" content=\"700\" \/>\n\t\t<meta property=\"article:published_time\" content=\"2020-12-07T22:12:14+00:00\" \/>\n\t\t<meta property=\"article:modified_time\" content=\"2025-11-18T07:48:10+00:00\" \/>\n\t\t<meta property=\"article:publisher\" content=\"https:\/\/www.facebook.com\/sraml.machinery\" \/>\n\t\t<meta name=\"twitter:card\" content=\"summary_large_image\" \/>\n\t\t<meta name=\"twitter:title\" content=\"Zakaj sodelovati z nami? \u2013 SRAML Food Processing Equipment Specialists\" \/>\n\t\t<meta name=\"twitter:description\" content=\"Z nenehnimi inovacijami in razvijanjem individualnih re\u0161itev za celoten postopek predelave grozdja in sadja uspe\u0161no odgovarjamo na raznolike izzive proizvajalcev vina, sokov in ciderja kakor tudi tistih, ki i\u0161\u010dejo polnilno linijo za pakiranje svojega izdelka.\" \/>\n\t\t<meta name=\"twitter:image\" content=\"https:\/\/sraml.com\/wp-content\/uploads\/2021\/03\/sraml-filling-line-heading-3.jpg\" \/>\n\t\t<script type=\"application\/ld+json\" class=\"aioseo-schema\">\n\t\t\t{\"@context\":\"https:\\\/\\\/schema.org\",\"@graph\":[{\"@type\":\"BreadcrumbList\",\"@id\":\"https:\\\/\\\/sraml.com\\\/sl\\\/zakaj-sodelovati-z-nami\\\/#breadcrumblist\",\"itemListElement\":[{\"@type\":\"ListItem\",\"@id\":\"https:\\\/\\\/sraml.com\\\/sl\\\/#listItem\",\"position\":1,\"name\":\"Home\",\"item\":\"https:\\\/\\\/sraml.com\\\/sl\\\/\",\"nextItem\":{\"@type\":\"ListItem\",\"@id\":\"https:\\\/\\\/sraml.com\\\/sl\\\/zakaj-sodelovati-z-nami\\\/#listItem\",\"name\":\"Zakaj sodelovati z nami?\"}},{\"@type\":\"ListItem\",\"@id\":\"https:\\\/\\\/sraml.com\\\/sl\\\/zakaj-sodelovati-z-nami\\\/#listItem\",\"position\":2,\"name\":\"Zakaj sodelovati z nami?\",\"previousItem\":{\"@type\":\"ListItem\",\"@id\":\"https:\\\/\\\/sraml.com\\\/sl\\\/#listItem\",\"name\":\"Home\"}}]},{\"@type\":\"Organization\",\"@id\":\"https:\\\/\\\/sraml.com\\\/sl\\\/#organization\",\"name\":\"SRAML Food Processing Equipment Specialists\",\"description\":\"Expanding possibilities with SRAML\",\"url\":\"https:\\\/\\\/sraml.com\\\/sl\\\/\",\"telephone\":\"+38653686110\",\"logo\":{\"@type\":\"ImageObject\",\"url\":\"https:\\\/\\\/sraml.com\\\/wp-content\\\/uploads\\\/2025\\\/11\\\/Sraml-logo-big-copy.png\",\"@id\":\"https:\\\/\\\/sraml.com\\\/sl\\\/zakaj-sodelovati-z-nami\\\/#organizationLogo\",\"width\":3040,\"height\":3040,\"caption\":\"Sraml Logo\"},\"image\":{\"@id\":\"https:\\\/\\\/sraml.com\\\/sl\\\/zakaj-sodelovati-z-nami\\\/#organizationLogo\"},\"sameAs\":[\"https:\\\/\\\/www.facebook.com\\\/sraml.machinery\",\"https:\\\/\\\/www.instagram.com\\\/sraml_machinery\",\"https:\\\/\\\/www.tiktok.com\\\/@sraml.machinery\",\"https:\\\/\\\/www.youtube.com\\\/c\\\/SramlTV\",\"https:\\\/\\\/www.linkedin.com\\\/company\\\/sraml\",\"https:\\\/\\\/www.threads.com\\\/@sraml_machinery\"]},{\"@type\":\"WebPage\",\"@id\":\"https:\\\/\\\/sraml.com\\\/sl\\\/zakaj-sodelovati-z-nami\\\/#webpage\",\"url\":\"https:\\\/\\\/sraml.com\\\/sl\\\/zakaj-sodelovati-z-nami\\\/\",\"name\":\"Zakaj sodelovati z nami? \\u2013 SRAML Food Processing Equipment Specialists\",\"description\":\"Z nenehnimi inovacijami in razvijanjem individualnih re\\u0161itev za celoten postopek predelave grozdja in sadja uspe\\u0161no odgovarjamo na raznolike izzive proizvajalcev vina, sokov in ciderja kakor tudi tistih, ki i\\u0161\\u010dejo polnilno linijo za pakiranje svojega izdelka.\",\"inLanguage\":\"sl-SI\",\"isPartOf\":{\"@id\":\"https:\\\/\\\/sraml.com\\\/sl\\\/#website\"},\"breadcrumb\":{\"@id\":\"https:\\\/\\\/sraml.com\\\/sl\\\/zakaj-sodelovati-z-nami\\\/#breadcrumblist\"},\"image\":{\"@type\":\"ImageObject\",\"url\":\"https:\\\/\\\/sraml.com\\\/wp-content\\\/uploads\\\/2021\\\/03\\\/sraml-filling-line-heading-3.jpg\",\"@id\":\"https:\\\/\\\/sraml.com\\\/sl\\\/zakaj-sodelovati-z-nami\\\/#mainImage\",\"width\":1920,\"height\":700,\"caption\":\"sraml-filling-lines\"},\"primaryImageOfPage\":{\"@id\":\"https:\\\/\\\/sraml.com\\\/sl\\\/zakaj-sodelovati-z-nami\\\/#mainImage\"},\"datePublished\":\"2020-12-07T22:12:14+00:00\",\"dateModified\":\"2025-11-18T07:48:10+00:00\"},{\"@type\":\"WebSite\",\"@id\":\"https:\\\/\\\/sraml.com\\\/sl\\\/#website\",\"url\":\"https:\\\/\\\/sraml.com\\\/sl\\\/\",\"name\":\"Sraml - SRAML Food Processing Equipment Specialists\",\"alternateName\":\"SRAML Food Processing Equipment Specialists\",\"description\":\"Expanding possibilities with SRAML\",\"inLanguage\":\"sl-SI\",\"publisher\":{\"@id\":\"https:\\\/\\\/sraml.com\\\/sl\\\/#organization\"}}]}\n\t\t<\/script>\n\t\t<script>(function(w,d,s,l,i){w[l]=w[l]||[];w[l].push({'gtm.start': new Date().getTime(),event:'gtm.js'});var f=d.getElementsByTagName(s)[0], j=d.createElement(s),dl=l!='dataLayer'?'&l='+l:'';j.async=true;j.src='https:\/\/www.googletagmanager.com\/gtm.js?id='+i+dl;f.parentNode.insertBefore(j,f);})(window,document,'script','dataLayer',\"GTM-T5ZVBSP\");<\/script>\n\t\t<!-- All in One SEO Pro -->\r\n\t\t<title>Zakaj sodelovati z nami? \u2013 SRAML Food Processing Equipment Specialists<\/title>\n\n","aioseo_head_json":{"title":"Zakaj sodelovati z nami? \u2013 SRAML Food Processing Equipment Specialists","description":"Z nenehnimi inovacijami in razvijanjem individualnih re\u0161itev za celoten postopek predelave grozdja in sadja uspe\u0161no odgovarjamo na raznolike izzive proizvajalcev vina, sokov in ciderja kakor tudi tistih, ki i\u0161\u010dejo polnilno linijo za pakiranje svojega izdelka.","canonical_url":"https:\/\/sraml.com\/sl\/zakaj-sodelovati-z-nami\/","robots":"max-image-preview:large","keywords":"","webmasterTools":{"google-site-verification":"HpeOU4yhglPvgDwvmllDzIqoLLXL00iE39PGGgHUiXw","miscellaneous":""},"schema":{"@context":"https:\/\/schema.org","@graph":[{"@type":"BreadcrumbList","@id":"https:\/\/sraml.com\/sl\/zakaj-sodelovati-z-nami\/#breadcrumblist","itemListElement":[{"@type":"ListItem","@id":"https:\/\/sraml.com\/sl\/#listItem","position":1,"name":"Home","item":"https:\/\/sraml.com\/sl\/","nextItem":{"@type":"ListItem","@id":"https:\/\/sraml.com\/sl\/zakaj-sodelovati-z-nami\/#listItem","name":"Zakaj sodelovati z nami?"}},{"@type":"ListItem","@id":"https:\/\/sraml.com\/sl\/zakaj-sodelovati-z-nami\/#listItem","position":2,"name":"Zakaj sodelovati z nami?","previousItem":{"@type":"ListItem","@id":"https:\/\/sraml.com\/sl\/#listItem","name":"Home"}}]},{"@type":"Organization","@id":"https:\/\/sraml.com\/sl\/#organization","name":"SRAML Food Processing Equipment Specialists","description":"Expanding possibilities with SRAML","url":"https:\/\/sraml.com\/sl\/","telephone":"+38653686110","logo":{"@type":"ImageObject","url":"https:\/\/sraml.com\/wp-content\/uploads\/2025\/11\/Sraml-logo-big-copy.png","@id":"https:\/\/sraml.com\/sl\/zakaj-sodelovati-z-nami\/#organizationLogo","width":3040,"height":3040,"caption":"Sraml Logo"},"image":{"@id":"https:\/\/sraml.com\/sl\/zakaj-sodelovati-z-nami\/#organizationLogo"},"sameAs":["https:\/\/www.facebook.com\/sraml.machinery","https:\/\/www.instagram.com\/sraml_machinery","https:\/\/www.tiktok.com\/@sraml.machinery","https:\/\/www.youtube.com\/c\/SramlTV","https:\/\/www.linkedin.com\/company\/sraml","https:\/\/www.threads.com\/@sraml_machinery"]},{"@type":"WebPage","@id":"https:\/\/sraml.com\/sl\/zakaj-sodelovati-z-nami\/#webpage","url":"https:\/\/sraml.com\/sl\/zakaj-sodelovati-z-nami\/","name":"Zakaj sodelovati z nami? \u2013 SRAML Food Processing Equipment Specialists","description":"Z nenehnimi inovacijami in razvijanjem individualnih re\u0161itev za celoten postopek predelave grozdja in sadja uspe\u0161no odgovarjamo na raznolike izzive proizvajalcev vina, sokov in ciderja kakor tudi tistih, ki i\u0161\u010dejo polnilno linijo za pakiranje svojega izdelka.","inLanguage":"sl-SI","isPartOf":{"@id":"https:\/\/sraml.com\/sl\/#website"},"breadcrumb":{"@id":"https:\/\/sraml.com\/sl\/zakaj-sodelovati-z-nami\/#breadcrumblist"},"image":{"@type":"ImageObject","url":"https:\/\/sraml.com\/wp-content\/uploads\/2021\/03\/sraml-filling-line-heading-3.jpg","@id":"https:\/\/sraml.com\/sl\/zakaj-sodelovati-z-nami\/#mainImage","width":1920,"height":700,"caption":"sraml-filling-lines"},"primaryImageOfPage":{"@id":"https:\/\/sraml.com\/sl\/zakaj-sodelovati-z-nami\/#mainImage"},"datePublished":"2020-12-07T22:12:14+00:00","dateModified":"2025-11-18T07:48:10+00:00"},{"@type":"WebSite","@id":"https:\/\/sraml.com\/sl\/#website","url":"https:\/\/sraml.com\/sl\/","name":"Sraml - SRAML Food Processing Equipment Specialists","alternateName":"SRAML Food Processing Equipment Specialists","description":"Expanding possibilities with SRAML","inLanguage":"sl-SI","publisher":{"@id":"https:\/\/sraml.com\/sl\/#organization"}}]},"og:locale":"sl_SI","og:site_name":"SRAML Food Processing Equipment Specialists \u2013 Expanding possibilities with SRAML","og:type":"article","og:title":"Zakaj sodelovati z nami? \u2013 SRAML Food Processing Equipment Specialists","og:description":"Z nenehnimi inovacijami in razvijanjem individualnih re\u0161itev za celoten postopek predelave grozdja in sadja uspe\u0161no odgovarjamo na raznolike izzive proizvajalcev vina, sokov in ciderja kakor tudi tistih, ki i\u0161\u010dejo polnilno linijo za pakiranje svojega izdelka.","og:url":"https:\/\/sraml.com\/sl\/zakaj-sodelovati-z-nami\/","og:image":"https:\/\/sraml.com\/wp-content\/uploads\/2021\/03\/sraml-filling-line-heading-3.jpg","og:image:secure_url":"https:\/\/sraml.com\/wp-content\/uploads\/2021\/03\/sraml-filling-line-heading-3.jpg","og:image:width":1920,"og:image:height":700,"article:published_time":"2020-12-07T22:12:14+00:00","article:modified_time":"2025-11-18T07:48:10+00:00","article:publisher":"https:\/\/www.facebook.com\/sraml.machinery","twitter:card":"summary_large_image","twitter:title":"Zakaj sodelovati z nami? \u2013 SRAML Food Processing Equipment Specialists","twitter:description":"Z nenehnimi inovacijami in razvijanjem individualnih re\u0161itev za celoten postopek predelave grozdja in sadja uspe\u0161no odgovarjamo na raznolike izzive proizvajalcev vina, sokov in ciderja kakor tudi tistih, ki i\u0161\u010dejo polnilno linijo za pakiranje svojega izdelka.","twitter:image":"https:\/\/sraml.com\/wp-content\/uploads\/2021\/03\/sraml-filling-line-heading-3.jpg"},"aioseo_meta_data":{"post_id":"3075","title":null,"description":"Z nenehnimi inovacijami in razvijanjem individualnih re\u0161itev za celoten postopek predelave grozdja in sadja uspe\u0161no odgovarjamo na raznolike izzive proizvajalcev vina, sokov in ciderja kakor tudi tistih, ki i\u0161\u010dejo polnilno linijo za pakiranje svojega izdelka.","keywords":null,"keyphrases":{"focus":{"keyphrase":"sodelovati","score":81,"analysis":{"keyphraseInTitle":{"score":9,"maxScore":9,"error":0},"keyphraseInDescription":{"score":3,"maxScore":9,"error":1},"keyphraseLength":{"score":9,"maxScore":9,"error":0,"length":1},"keyphraseInURL":{"score":5,"maxScore":5,"error":0}}},"additional":[]},"primary_term":null,"canonical_url":null,"og_title":null,"og_description":null,"og_object_type":"default","og_image_type":"default","og_image_url":null,"og_image_width":null,"og_image_height":null,"og_image_custom_url":null,"og_image_custom_fields":null,"og_video":"","og_custom_url":null,"og_article_section":null,"og_article_tags":null,"twitter_use_og":false,"twitter_card":"default","twitter_image_type":"default","twitter_image_url":null,"twitter_image_custom_url":null,"twitter_image_custom_fields":null,"twitter_title":null,"twitter_description":null,"schema":{"blockGraphs":[],"customGraphs":[],"default":{"data":{"Article":[],"Course":[],"Dataset":[],"FAQPage":[],"Movie":[],"Person":[],"Product":[],"ProductReview":[],"Car":[],"Recipe":[],"Service":[],"SoftwareApplication":[],"WebPage":[]},"graphName":"WebPage","isEnabled":true},"graphs":[]},"schema_type":"default","schema_type_options":null,"pillar_content":false,"robots_default":true,"robots_noindex":false,"robots_noarchive":false,"robots_nosnippet":false,"robots_nofollow":false,"robots_noimageindex":false,"robots_noodp":false,"robots_notranslate":false,"robots_max_snippet":"-1","robots_max_videopreview":"-1","robots_max_imagepreview":"large","priority":null,"frequency":"default","local_seo":null,"seo_analyzer_scan_date":"2025-11-18 07:59:12","breadcrumb_settings":null,"limit_modified_date":false,"reviewed_by":"0","open_ai":null,"ai":{"faqs":[],"keyPoints":[],"titles":[],"descriptions":[],"socialPosts":{"email":[],"linkedin":[],"twitter":[],"facebook":[],"instagram":[]}},"created":"2025-11-17 12:40:55","updated":"2025-11-18 07:59:12"},"aioseo_breadcrumb":"<div class=\"aioseo-breadcrumbs\"><span class=\"aioseo-breadcrumb\">\n\t<a href=\"https:\/\/sraml.com\/sl\/\" title=\"Home\">Home<\/a>\n<\/span><span class=\"aioseo-breadcrumb-separator\">\u00bb<\/span><span class=\"aioseo-breadcrumb\">\n\tZakaj sodelovati z nami?\n<\/span><\/div>","aioseo_breadcrumb_json":[{"label":"Home","link":"https:\/\/sraml.com\/sl\/"},{"label":"Zakaj sodelovati z nami?","link":"https:\/\/sraml.com\/sl\/zakaj-sodelovati-z-nami\/"}],"_links":{"self":[{"href":"https:\/\/sraml.com\/sl\/wp-json\/wp\/v2\/pages\/3075","targetHints":{"allow":["GET"]}}],"collection":[{"href":"https:\/\/sraml.com\/sl\/wp-json\/wp\/v2\/pages"}],"about":[{"href":"https:\/\/sraml.com\/sl\/wp-json\/wp\/v2\/types\/page"}],"author":[{"embeddable":true,"href":"https:\/\/sraml.com\/sl\/wp-json\/wp\/v2\/users\/18"}],"replies":[{"embeddable":true,"href":"https:\/\/sraml.com\/sl\/wp-json\/wp\/v2\/comments?post=3075"}],"version-history":[{"count":10,"href":"https:\/\/sraml.com\/sl\/wp-json\/wp\/v2\/pages\/3075\/revisions"}],"predecessor-version":[{"id":4388,"href":"https:\/\/sraml.com\/sl\/wp-json\/wp\/v2\/pages\/3075\/revisions\/4388"}],"wp:featuredmedia":[{"embeddable":true,"href":"https:\/\/sraml.com\/sl\/wp-json\/wp\/v2\/media\/2629"}],"wp:attachment":[{"href":"https:\/\/sraml.com\/sl\/wp-json\/wp\/v2\/media?parent=3075"}],"curies":[{"name":"wp","href":"https:\/\/api.w.org\/{rel}","templated":true}]}}