{"id":48804,"date":"2025-07-22T12:35:16","date_gmt":"2025-07-22T12:35:16","guid":{"rendered":"https:\/\/sraml.com\/bag-in-box\/"},"modified":"2025-11-18T08:16:39","modified_gmt":"2025-11-18T08:16:39","slug":"bag-in-box","status":"publish","type":"page","link":"https:\/\/sraml.com\/de\/bag-in-box\/","title":{"rendered":"Bag-in-Box-Abf\u00fcllmaschinen"},"content":{"rendered":"<p>Die Bag-in-Box-Verpackung ist ein vielseitiges und platzsparendes System, das darauf ausgelegt ist, die Haltbarkeit von Produkten zu verl\u00e4ngern, Abfall zu minimieren und die Verpackungs- sowie Transportkosten zu senken. Die Produkte werden in flexible Beutel mit 1-Zoll-Ausg\u00fcssen abgef\u00fcllt und in sch\u00fctzende Au\u00dfenkartons verpackt \u2013 eine ideale L\u00f6sung f\u00fcr pumpf\u00e4hige Fl\u00fcssigkeiten und halbfl\u00fcssige Produkte in zahlreichen Industriezweigen.<\/p>\n","protected":false},"excerpt":{"rendered":"<p>Die Bag-in-Box-Verpackung ist ein vielseitiges und platzsparendes System, das darauf ausgelegt ist, die Haltbarkeit von Produkten zu verl\u00e4ngern, Abfall zu minimieren und die Verpackungs- sowie Transportkosten zu senken. Die Produkte werden in flexible Beutel mit 1-Zoll-Ausg\u00fcssen abgef\u00fcllt und in sch\u00fctzende Au\u00dfenkartons verpackt \u2013 eine ideale L\u00f6sung f\u00fcr pumpf\u00e4hige Fl\u00fcssigkeiten und halbfl\u00fcssige Produkte in zahlreichen Industriezweigen.<\/p>\n","protected":false},"author":18,"featured_media":48727,"parent":0,"menu_order":0,"comment_status":"closed","ping_status":"closed","template":"","meta":{"_acf_changed":false,"om_disable_all_campaigns":false,"_monsterinsights_skip_tracking":false,"_monsterinsights_sitenote_active":false,"_monsterinsights_sitenote_note":"","_monsterinsights_sitenote_category":0,"footnotes":""},"class_list":["post-48804","page","type-page","status-publish","has-post-thumbnail","hentry"],"acf":[],"aioseo_notices":[],"aioseo_head":"\n\t\t<!-- All in One SEO Pro 4.9.6.1 - aioseo.com -->\n\t<meta name=\"description\" content=\"Die Bag-in-Box Verpackung ist ein vielseitiges und platzsparendes System, das darauf ausgelegt ist, die Haltbarkeit von Produkten zu verl\u00e4ngern\" \/>\n\t<meta name=\"robots\" content=\"max-image-preview:large\" \/>\n\t<meta name=\"google-site-verification\" content=\"HpeOU4yhglPvgDwvmllDzIqoLLXL00iE39PGGgHUiXw\" \/>\n\t<link rel=\"canonical\" href=\"https:\/\/sraml.com\/de\/bag-in-box\/\" \/>\n\t<meta name=\"generator\" content=\"All in One SEO Pro (AIOSEO) 4.9.6.1\" \/>\n\t\t<meta property=\"og:locale\" content=\"de_DE\" \/>\n\t\t<meta property=\"og:site_name\" content=\"SRAML Food Processing Equipment Specialists \u2013 Expanding possibilities with SRAML\" \/>\n\t\t<meta property=\"og:type\" content=\"article\" \/>\n\t\t<meta property=\"og:title\" content=\"Bag-in-Box-Abf\u00fcllmaschinen \u2013 SRAML Food Processing Equipment Specialists\" \/>\n\t\t<meta property=\"og:description\" content=\"Die Bag-in-Box Verpackung ist ein vielseitiges und platzsparendes System, das darauf ausgelegt ist, die Haltbarkeit von Produkten zu verl\u00e4ngern\" \/>\n\t\t<meta property=\"og:url\" content=\"https:\/\/sraml.com\/de\/bag-in-box\/\" \/>\n\t\t<meta property=\"og:image\" content=\"https:\/\/sraml.com\/wp-content\/uploads\/2025\/07\/Bag-in-Box-Hero.jpg\" \/>\n\t\t<meta property=\"og:image:secure_url\" content=\"https:\/\/sraml.com\/wp-content\/uploads\/2025\/07\/Bag-in-Box-Hero.jpg\" \/>\n\t\t<meta property=\"og:image:width\" content=\"2539\" \/>\n\t\t<meta property=\"og:image:height\" content=\"685\" \/>\n\t\t<meta property=\"article:published_time\" content=\"2025-07-22T12:35:16+00:00\" \/>\n\t\t<meta property=\"article:modified_time\" content=\"2025-11-18T08:16:39+00:00\" \/>\n\t\t<meta property=\"article:publisher\" content=\"https:\/\/www.facebook.com\/sraml.machinery\" \/>\n\t\t<meta name=\"twitter:card\" content=\"summary_large_image\" \/>\n\t\t<meta name=\"twitter:title\" content=\"Bag-in-Box-Abf\u00fcllmaschinen \u2013 SRAML Food Processing Equipment Specialists\" \/>\n\t\t<meta name=\"twitter:description\" content=\"Die Bag-in-Box Verpackung ist ein vielseitiges und platzsparendes System, das darauf ausgelegt ist, die Haltbarkeit von Produkten zu verl\u00e4ngern\" \/>\n\t\t<meta name=\"twitter:image\" content=\"https:\/\/sraml.com\/wp-content\/uploads\/2025\/07\/Bag-in-Box-Hero.jpg\" \/>\n\t\t<script type=\"application\/ld+json\" class=\"aioseo-schema\">\n\t\t\t{\"@context\":\"https:\\\/\\\/schema.org\",\"@graph\":[{\"@type\":\"BreadcrumbList\",\"@id\":\"https:\\\/\\\/sraml.com\\\/de\\\/bag-in-box\\\/#breadcrumblist\",\"itemListElement\":[{\"@type\":\"ListItem\",\"@id\":\"https:\\\/\\\/sraml.com\\\/de\\\/#listItem\",\"position\":1,\"name\":\"Home\",\"item\":\"https:\\\/\\\/sraml.com\\\/de\\\/\",\"nextItem\":{\"@type\":\"ListItem\",\"@id\":\"https:\\\/\\\/sraml.com\\\/de\\\/bag-in-box\\\/#listItem\",\"name\":\"Bag-in-Box-Abf\\u00fcllmaschinen\"}},{\"@type\":\"ListItem\",\"@id\":\"https:\\\/\\\/sraml.com\\\/de\\\/bag-in-box\\\/#listItem\",\"position\":2,\"name\":\"Bag-in-Box-Abf\\u00fcllmaschinen\",\"previousItem\":{\"@type\":\"ListItem\",\"@id\":\"https:\\\/\\\/sraml.com\\\/de\\\/#listItem\",\"name\":\"Home\"}}]},{\"@type\":\"Organization\",\"@id\":\"https:\\\/\\\/sraml.com\\\/de\\\/#organization\",\"name\":\"SRAML Food Processing Equipment Specialists\",\"description\":\"Expanding possibilities with SRAML\",\"url\":\"https:\\\/\\\/sraml.com\\\/de\\\/\",\"telephone\":\"+38653686110\",\"logo\":{\"@type\":\"ImageObject\",\"url\":\"https:\\\/\\\/sraml.com\\\/wp-content\\\/uploads\\\/2025\\\/11\\\/Sraml-logo-big-copy.png\",\"@id\":\"https:\\\/\\\/sraml.com\\\/de\\\/bag-in-box\\\/#organizationLogo\",\"width\":3040,\"height\":3040,\"caption\":\"Sraml Logo\"},\"image\":{\"@id\":\"https:\\\/\\\/sraml.com\\\/de\\\/bag-in-box\\\/#organizationLogo\"},\"sameAs\":[\"https:\\\/\\\/www.facebook.com\\\/sraml.machinery\",\"https:\\\/\\\/www.instagram.com\\\/sraml_machinery\",\"https:\\\/\\\/www.tiktok.com\\\/@sraml.machinery\",\"https:\\\/\\\/www.youtube.com\\\/c\\\/SramlTV\",\"https:\\\/\\\/www.linkedin.com\\\/company\\\/sraml\",\"https:\\\/\\\/www.threads.com\\\/@sraml_machinery\"]},{\"@type\":\"WebPage\",\"@id\":\"https:\\\/\\\/sraml.com\\\/de\\\/bag-in-box\\\/#webpage\",\"url\":\"https:\\\/\\\/sraml.com\\\/de\\\/bag-in-box\\\/\",\"name\":\"Bag-in-Box-Abf\\u00fcllmaschinen \\u2013 SRAML Food Processing Equipment Specialists\",\"description\":\"Die Bag-in-Box Verpackung ist ein vielseitiges und platzsparendes System, das darauf ausgelegt ist, die Haltbarkeit von Produkten zu verl\\u00e4ngern\",\"inLanguage\":\"de-DE\",\"isPartOf\":{\"@id\":\"https:\\\/\\\/sraml.com\\\/de\\\/#website\"},\"breadcrumb\":{\"@id\":\"https:\\\/\\\/sraml.com\\\/de\\\/bag-in-box\\\/#breadcrumblist\"},\"image\":{\"@type\":\"ImageObject\",\"url\":\"https:\\\/\\\/sraml.com\\\/wp-content\\\/uploads\\\/2025\\\/07\\\/Bag-in-Box-Hero.jpg\",\"@id\":\"https:\\\/\\\/sraml.com\\\/de\\\/bag-in-box\\\/#mainImage\",\"width\":2539,\"height\":685,\"caption\":\"Efficient, hygienic and cost-effective bag-in-box (BiB)\"},\"primaryImageOfPage\":{\"@id\":\"https:\\\/\\\/sraml.com\\\/de\\\/bag-in-box\\\/#mainImage\"},\"datePublished\":\"2025-07-22T12:35:16+00:00\",\"dateModified\":\"2025-11-18T08:16:39+00:00\"},{\"@type\":\"WebSite\",\"@id\":\"https:\\\/\\\/sraml.com\\\/de\\\/#website\",\"url\":\"https:\\\/\\\/sraml.com\\\/de\\\/\",\"name\":\"Sraml - SRAML Food Processing Equipment Specialists\",\"alternateName\":\"SRAML Food Processing Equipment Specialists\",\"description\":\"Expanding possibilities with SRAML\",\"inLanguage\":\"de-DE\",\"publisher\":{\"@id\":\"https:\\\/\\\/sraml.com\\\/de\\\/#organization\"}}]}\n\t\t<\/script>\n\t\t<script>(function(w,d,s,l,i){w[l]=w[l]||[];w[l].push({'gtm.start': new Date().getTime(),event:'gtm.js'});var f=d.getElementsByTagName(s)[0], j=d.createElement(s),dl=l!='dataLayer'?'&l='+l:'';j.async=true;j.src='https:\/\/www.googletagmanager.com\/gtm.js?id='+i+dl;f.parentNode.insertBefore(j,f);})(window,document,'script','dataLayer',\"GTM-T5ZVBSP\");<\/script>\n\t\t<!-- All in One SEO Pro -->\r\n\t\t<title>Bag-in-Box-Abf\u00fcllmaschinen \u2013 SRAML Food Processing Equipment Specialists<\/title>\n\n","aioseo_head_json":{"title":"Bag-in-Box-Abf\u00fcllmaschinen \u2013 SRAML Food Processing Equipment Specialists","description":"Die Bag-in-Box Verpackung ist ein vielseitiges und platzsparendes System, das darauf ausgelegt ist, die Haltbarkeit von Produkten zu verl\u00e4ngern","canonical_url":"https:\/\/sraml.com\/de\/bag-in-box\/","robots":"max-image-preview:large","keywords":"","webmasterTools":{"google-site-verification":"HpeOU4yhglPvgDwvmllDzIqoLLXL00iE39PGGgHUiXw","miscellaneous":""},"schema":{"@context":"https:\/\/schema.org","@graph":[{"@type":"BreadcrumbList","@id":"https:\/\/sraml.com\/de\/bag-in-box\/#breadcrumblist","itemListElement":[{"@type":"ListItem","@id":"https:\/\/sraml.com\/de\/#listItem","position":1,"name":"Home","item":"https:\/\/sraml.com\/de\/","nextItem":{"@type":"ListItem","@id":"https:\/\/sraml.com\/de\/bag-in-box\/#listItem","name":"Bag-in-Box-Abf\u00fcllmaschinen"}},{"@type":"ListItem","@id":"https:\/\/sraml.com\/de\/bag-in-box\/#listItem","position":2,"name":"Bag-in-Box-Abf\u00fcllmaschinen","previousItem":{"@type":"ListItem","@id":"https:\/\/sraml.com\/de\/#listItem","name":"Home"}}]},{"@type":"Organization","@id":"https:\/\/sraml.com\/de\/#organization","name":"SRAML Food Processing Equipment Specialists","description":"Expanding possibilities with SRAML","url":"https:\/\/sraml.com\/de\/","telephone":"+38653686110","logo":{"@type":"ImageObject","url":"https:\/\/sraml.com\/wp-content\/uploads\/2025\/11\/Sraml-logo-big-copy.png","@id":"https:\/\/sraml.com\/de\/bag-in-box\/#organizationLogo","width":3040,"height":3040,"caption":"Sraml Logo"},"image":{"@id":"https:\/\/sraml.com\/de\/bag-in-box\/#organizationLogo"},"sameAs":["https:\/\/www.facebook.com\/sraml.machinery","https:\/\/www.instagram.com\/sraml_machinery","https:\/\/www.tiktok.com\/@sraml.machinery","https:\/\/www.youtube.com\/c\/SramlTV","https:\/\/www.linkedin.com\/company\/sraml","https:\/\/www.threads.com\/@sraml_machinery"]},{"@type":"WebPage","@id":"https:\/\/sraml.com\/de\/bag-in-box\/#webpage","url":"https:\/\/sraml.com\/de\/bag-in-box\/","name":"Bag-in-Box-Abf\u00fcllmaschinen \u2013 SRAML Food Processing Equipment Specialists","description":"Die Bag-in-Box Verpackung ist ein vielseitiges und platzsparendes System, das darauf ausgelegt ist, die Haltbarkeit von Produkten zu verl\u00e4ngern","inLanguage":"de-DE","isPartOf":{"@id":"https:\/\/sraml.com\/de\/#website"},"breadcrumb":{"@id":"https:\/\/sraml.com\/de\/bag-in-box\/#breadcrumblist"},"image":{"@type":"ImageObject","url":"https:\/\/sraml.com\/wp-content\/uploads\/2025\/07\/Bag-in-Box-Hero.jpg","@id":"https:\/\/sraml.com\/de\/bag-in-box\/#mainImage","width":2539,"height":685,"caption":"Efficient, hygienic and cost-effective bag-in-box (BiB)"},"primaryImageOfPage":{"@id":"https:\/\/sraml.com\/de\/bag-in-box\/#mainImage"},"datePublished":"2025-07-22T12:35:16+00:00","dateModified":"2025-11-18T08:16:39+00:00"},{"@type":"WebSite","@id":"https:\/\/sraml.com\/de\/#website","url":"https:\/\/sraml.com\/de\/","name":"Sraml - SRAML Food Processing Equipment Specialists","alternateName":"SRAML Food Processing Equipment Specialists","description":"Expanding possibilities with SRAML","inLanguage":"de-DE","publisher":{"@id":"https:\/\/sraml.com\/de\/#organization"}}]},"og:locale":"de_DE","og:site_name":"SRAML Food Processing Equipment Specialists \u2013 Expanding possibilities with SRAML","og:type":"article","og:title":"Bag-in-Box-Abf\u00fcllmaschinen \u2013 SRAML Food Processing Equipment Specialists","og:description":"Die Bag-in-Box Verpackung ist ein vielseitiges und platzsparendes System, das darauf ausgelegt ist, die Haltbarkeit von Produkten zu verl\u00e4ngern","og:url":"https:\/\/sraml.com\/de\/bag-in-box\/","og:image":"https:\/\/sraml.com\/wp-content\/uploads\/2025\/07\/Bag-in-Box-Hero.jpg","og:image:secure_url":"https:\/\/sraml.com\/wp-content\/uploads\/2025\/07\/Bag-in-Box-Hero.jpg","og:image:width":2539,"og:image:height":685,"article:published_time":"2025-07-22T12:35:16+00:00","article:modified_time":"2025-11-18T08:16:39+00:00","article:publisher":"https:\/\/www.facebook.com\/sraml.machinery","twitter:card":"summary_large_image","twitter:title":"Bag-in-Box-Abf\u00fcllmaschinen \u2013 SRAML Food Processing Equipment Specialists","twitter:description":"Die Bag-in-Box Verpackung ist ein vielseitiges und platzsparendes System, das darauf ausgelegt ist, die Haltbarkeit von Produkten zu verl\u00e4ngern","twitter:image":"https:\/\/sraml.com\/wp-content\/uploads\/2025\/07\/Bag-in-Box-Hero.jpg"},"aioseo_meta_data":{"post_id":"48804","title":null,"description":"Die Bag-in-Box Verpackung ist ein vielseitiges und platzsparendes System, das darauf ausgelegt ist, die Haltbarkeit von Produkten zu verl\u00e4ngern","keywords":null,"keyphrases":{"focus":{"keyphrase":"Bag-in-Box","score":100,"analysis":{"keyphraseInTitle":{"score":9,"maxScore":9,"error":0},"keyphraseInDescription":{"score":9,"maxScore":9,"error":0},"keyphraseLength":{"score":9,"maxScore":9,"error":0,"length":1},"keyphraseInURL":{"score":5,"maxScore":5,"error":0},"keyphraseInIntroduction":{"score":9,"maxScore":9,"error":0},"keyphraseInSubHeadings":[],"keyphraseInImageAlt":[],"keywordDensity":{"type":"best","score":9,"maxScore":9,"error":0}}},"additional":[]},"primary_term":null,"canonical_url":null,"og_title":null,"og_description":null,"og_object_type":"default","og_image_type":"default","og_image_url":null,"og_image_width":null,"og_image_height":null,"og_image_custom_url":null,"og_image_custom_fields":null,"og_video":"","og_custom_url":null,"og_article_section":null,"og_article_tags":null,"twitter_use_og":false,"twitter_card":"default","twitter_image_type":"default","twitter_image_url":null,"twitter_image_custom_url":null,"twitter_image_custom_fields":null,"twitter_title":null,"twitter_description":null,"schema":{"blockGraphs":[],"customGraphs":[],"default":{"data":{"Article":[],"Course":[],"Dataset":[],"FAQPage":[],"Movie":[],"Person":[],"Product":[],"ProductReview":[],"Car":[],"Recipe":[],"Service":[],"SoftwareApplication":[],"WebPage":[]},"graphName":"WebPage","isEnabled":true},"graphs":[]},"schema_type":"default","schema_type_options":null,"pillar_content":false,"robots_default":true,"robots_noindex":false,"robots_noarchive":false,"robots_nosnippet":false,"robots_nofollow":false,"robots_noimageindex":false,"robots_noodp":false,"robots_notranslate":false,"robots_max_snippet":"-1","robots_max_videopreview":"-1","robots_max_imagepreview":"large","priority":null,"frequency":"default","local_seo":null,"seo_analyzer_scan_date":"2025-11-18 08:29:10","breadcrumb_settings":null,"limit_modified_date":false,"reviewed_by":"0","open_ai":null,"ai":{"faqs":[],"keyPoints":[],"titles":[],"descriptions":[],"socialPosts":{"email":[],"linkedin":[],"twitter":[],"facebook":[],"instagram":[]}},"created":"2025-11-17 12:40:55","updated":"2025-11-18 08:29:10"},"aioseo_breadcrumb":"<div class=\"aioseo-breadcrumbs\"><span class=\"aioseo-breadcrumb\">\n\t<a href=\"https:\/\/sraml.com\/de\/\" title=\"Home\">Home<\/a>\n<\/span><span class=\"aioseo-breadcrumb-separator\">\u00bb<\/span><span class=\"aioseo-breadcrumb\">\n\tBag-in-Box-Abf\u00fcllmaschinen\n<\/span><\/div>","aioseo_breadcrumb_json":[{"label":"Home","link":"https:\/\/sraml.com\/de\/"},{"label":"Bag-in-Box-Abf\u00fcllmaschinen","link":"https:\/\/sraml.com\/de\/bag-in-box\/"}],"_links":{"self":[{"href":"https:\/\/sraml.com\/de\/wp-json\/wp\/v2\/pages\/48804","targetHints":{"allow":["GET"]}}],"collection":[{"href":"https:\/\/sraml.com\/de\/wp-json\/wp\/v2\/pages"}],"about":[{"href":"https:\/\/sraml.com\/de\/wp-json\/wp\/v2\/types\/page"}],"author":[{"embeddable":true,"href":"https:\/\/sraml.com\/de\/wp-json\/wp\/v2\/users\/18"}],"replies":[{"embeddable":true,"href":"https:\/\/sraml.com\/de\/wp-json\/wp\/v2\/comments?post=48804"}],"version-history":[{"count":3,"href":"https:\/\/sraml.com\/de\/wp-json\/wp\/v2\/pages\/48804\/revisions"}],"predecessor-version":[{"id":48850,"href":"https:\/\/sraml.com\/de\/wp-json\/wp\/v2\/pages\/48804\/revisions\/48850"}],"wp:featuredmedia":[{"embeddable":true,"href":"https:\/\/sraml.com\/de\/wp-json\/wp\/v2\/media\/48727"}],"wp:attachment":[{"href":"https:\/\/sraml.com\/de\/wp-json\/wp\/v2\/media?parent=48804"}],"curies":[{"name":"wp","href":"https:\/\/api.w.org\/{rel}","templated":true}]}}